{"id":1332,"date":"2017-08-23T12:27:38","date_gmt":"2017-08-23T12:27:38","guid":{"rendered":"http:\/\/mc-multiclean.de\/?page_id=1332"},"modified":"2022-04-14T09:28:42","modified_gmt":"2022-04-14T07:28:42","slug":"home","status":"publish","type":"page","link":"https:\/\/mc-multiclean.de\/","title":{"rendered":"Home"},"content":{"rendered":"\t\t<div data-elementor-type=\"wp-page\" data-elementor-id=\"1332\" class=\"elementor elementor-1332\">\n\t\t\t\t\t\t<section class=\"elementor-section elementor-top-section elementor-element elementor-element-4d4dd94 elementor-section-boxed elementor-section-height-default elementor-section-height-default\" data-id=\"4d4dd94\" data-element_type=\"section\" data-settings=\"{&quot;background_background&quot;:&quot;classic&quot;}\">\n\t\t\t\t\t\t\t<div class=\"elementor-background-overlay\"><\/div>\n\t\t\t\t\t\t\t<div class=\"elementor-container elementor-column-gap-default\">\n\t\t\t\t\t<div class=\"elementor-column elementor-col-66 elementor-top-column elementor-element elementor-element-74356e7\" data-id=\"74356e7\" data-element_type=\"column\" data-settings=\"{&quot;background_background&quot;:&quot;classic&quot;}\">\n\t\t\t<div class=\"elementor-widget-wrap\">\n\t\t\t\t\t\t\t<\/div>\n\t\t<\/div>\n\t\t\t\t<div class=\"elementor-column elementor-col-33 elementor-top-column elementor-element elementor-element-ecd7673\" data-id=\"ecd7673\" data-element_type=\"column\">\n\t\t\t<div class=\"elementor-widget-wrap elementor-element-populated\">\n\t\t\t\t\t\t<div class=\"elementor-element elementor-element-7503bce elementor-widget elementor-widget-image\" data-id=\"7503bce\" data-element_type=\"widget\" data-widget_type=\"image.default\">\n\t\t\t\t<div class=\"elementor-widget-container\">\n\t\t\t\t\t\t\t\t\t\t\t\t\t<img fetchpriority=\"high\" decoding=\"async\" width=\"1024\" height=\"273\" src=\"https:\/\/mc-multiclean.de\/wp-content\/uploads\/2021\/01\/Logo_Multiclean_quer-1-1024x273.png\" class=\"attachment-large size-large wp-image-1376\" alt=\"\" srcset=\"https:\/\/mc-multiclean.de\/wp-content\/uploads\/2021\/01\/Logo_Multiclean_quer-1-1024x273.png 1024w, https:\/\/mc-multiclean.de\/wp-content\/uploads\/2021\/01\/Logo_Multiclean_quer-1-300x80.png 300w, https:\/\/mc-multiclean.de\/wp-content\/uploads\/2021\/01\/Logo_Multiclean_quer-1-768x205.png 768w, https:\/\/mc-multiclean.de\/wp-content\/uploads\/2021\/01\/Logo_Multiclean_quer-1-1536x410.png 1536w, https:\/\/mc-multiclean.de\/wp-content\/uploads\/2021\/01\/Logo_Multiclean_quer-1.png 1657w\" sizes=\"(max-width: 1024px) 100vw, 1024px\" \/>\t\t\t\t\t\t\t\t\t\t\t\t\t<\/div>\n\t\t\t\t<\/div>\n\t\t\t\t\t<\/div>\n\t\t<\/div>\n\t\t\t\t\t<\/div>\n\t\t<\/section>\n\t\t\t\t<section class=\"elementor-section elementor-top-section elementor-element elementor-element-1cfb2fb elementor-section-boxed elementor-section-height-default elementor-section-height-default\" data-id=\"1cfb2fb\" data-element_type=\"section\">\n\t\t\t\t\t\t<div class=\"elementor-container elementor-column-gap-default\">\n\t\t\t\t\t<div class=\"elementor-column elementor-col-50 elementor-top-column elementor-element elementor-element-e6757ce\" data-id=\"e6757ce\" data-element_type=\"column\">\n\t\t\t<div class=\"elementor-widget-wrap elementor-element-populated\">\n\t\t\t\t\t\t<div class=\"elementor-element elementor-element-07e6328 elementor-widget elementor-widget-text-editor\" data-id=\"07e6328\" data-element_type=\"widget\" data-widget_type=\"text-editor.default\">\n\t\t\t\t<div class=\"elementor-widget-container\">\n\t\t\t\t\t\t\t<h2><strong>Ihr verl\u00e4sslicher Dienstleister<\/strong><\/h2>\n<p>Seit 14 Jahren bieten wir in unserem pers\u00f6nlich gef\u00fchrten Unternehmen einen zuverl\u00e4ssigen Reinigungsservice an. Die Fachkompetenz unserer Mitarbeiter wird st\u00e4ndig verbessert. Durch unsere firmeneigenen Kontrollen werden wir auch Ihren Anspr\u00fcchen gerecht. Langj\u00e4hrige partnerschaftliche Beziehungen zeichnen unser Unternehmen aus.<\/p>\t\t\t\t\t\t<\/div>\n\t\t\t\t<\/div>\n\t\t\t\t\t<\/div>\n\t\t<\/div>\n\t\t\t\t<div class=\"elementor-column elementor-col-50 elementor-top-column elementor-element elementor-element-c0ae277\" data-id=\"c0ae277\" data-element_type=\"column\">\n\t\t\t<div class=\"elementor-widget-wrap elementor-element-populated\">\n\t\t\t\t\t\t<div class=\"elementor-element elementor-element-e355c27 elementor-widget elementor-widget-text-editor\" data-id=\"e355c27\" data-element_type=\"widget\" data-widget_type=\"text-editor.default\">\n\t\t\t\t<div class=\"elementor-widget-container\">\n\t\t\t\t\t\t\t<h4>\u00a0<\/h4><h4 style=\"text-align: center;\"><img decoding=\"async\" class=\"alignnone size-medium wp-image-1668 aligncenter\" src=\"http:\/\/mc-multiclean.de\/wp-content\/uploads\/2022\/04\/Unknown-1024x274-1-300x80.jpeg\" alt=\"\" width=\"300\" height=\"80\" srcset=\"https:\/\/mc-multiclean.de\/wp-content\/uploads\/2022\/04\/Unknown-1024x274-1-300x80.jpeg 300w, https:\/\/mc-multiclean.de\/wp-content\/uploads\/2022\/04\/Unknown-1024x274-1-768x206.jpeg 768w, https:\/\/mc-multiclean.de\/wp-content\/uploads\/2022\/04\/Unknown-1024x274-1.jpeg 1024w\" sizes=\"(max-width: 300px) 100vw, 300px\" \/><\/h4><h4 style=\"text-align: center;\">jetzt auch auf Usedom<\/h4><h4 style=\"text-align: center;\"><a href=\"http:\/\/usedom.mc-multiclean.de\/\"><strong>ZUR WEBSEITE<\/strong><\/a><\/h4>\t\t\t\t\t\t<\/div>\n\t\t\t\t<\/div>\n\t\t\t\t\t<\/div>\n\t\t<\/div>\n\t\t\t\t\t<\/div>\n\t\t<\/section>\n\t\t\t\t<section class=\"elementor-section elementor-top-section elementor-element elementor-element-5536391 elementor-section-boxed elementor-section-height-default elementor-section-height-default\" data-id=\"5536391\" data-element_type=\"section\" data-settings=\"{&quot;background_background&quot;:&quot;gradient&quot;}\">\n\t\t\t\t\t\t<div class=\"elementor-container elementor-column-gap-default\">\n\t\t\t\t\t<div class=\"elementor-column elementor-col-100 elementor-top-column elementor-element elementor-element-ab3d7f9\" data-id=\"ab3d7f9\" data-element_type=\"column\">\n\t\t\t<div class=\"elementor-widget-wrap elementor-element-populated\">\n\t\t\t\t\t\t<div class=\"elementor-element elementor-element-e2b37a3 elementor-widget elementor-widget-heading\" data-id=\"e2b37a3\" data-element_type=\"widget\" data-widget_type=\"heading.default\">\n\t\t\t\t<div class=\"elementor-widget-container\">\n\t\t\t<h2 class=\"elementor-heading-title elementor-size-default\">Was uns auszeichnet<\/h2>\t\t<\/div>\n\t\t\t\t<\/div>\n\t\t\t\t<section class=\"elementor-section elementor-inner-section elementor-element elementor-element-0866048 elementor-section-boxed elementor-section-height-default elementor-section-height-default\" data-id=\"0866048\" data-element_type=\"section\">\n\t\t\t\t\t\t<div class=\"elementor-container elementor-column-gap-no\">\n\t\t\t\t\t<div class=\"elementor-column elementor-col-33 elementor-inner-column elementor-element elementor-element-2f7a198\" data-id=\"2f7a198\" data-element_type=\"column\">\n\t\t\t<div class=\"elementor-widget-wrap elementor-element-populated\">\n\t\t\t\t\t\t<div class=\"elementor-element elementor-element-90a5996 elementor-position-top elementor-widget elementor-widget-image-box\" data-id=\"90a5996\" data-element_type=\"widget\" data-widget_type=\"image-box.default\">\n\t\t\t\t<div class=\"elementor-widget-container\">\n\t\t\t<div class=\"elementor-image-box-wrapper\"><figure class=\"elementor-image-box-img\"><img decoding=\"async\" width=\"150\" height=\"150\" src=\"https:\/\/mc-multiclean.de\/wp-content\/uploads\/2021\/01\/cleaning-150x150.png\" class=\"attachment-thumbnail size-thumbnail wp-image-1403\" alt=\"\" srcset=\"https:\/\/mc-multiclean.de\/wp-content\/uploads\/2021\/01\/cleaning-150x150.png 150w, https:\/\/mc-multiclean.de\/wp-content\/uploads\/2021\/01\/cleaning-300x300.png 300w, https:\/\/mc-multiclean.de\/wp-content\/uploads\/2021\/01\/cleaning.png 512w\" sizes=\"(max-width: 150px) 100vw, 150px\" \/><\/figure><div class=\"elementor-image-box-content\"><h6 class=\"elementor-image-box-title\">umfangreiche Dienstleistungen<\/h6><\/div><\/div>\t\t<\/div>\n\t\t\t\t<\/div>\n\t\t\t\t\t<\/div>\n\t\t<\/div>\n\t\t\t\t<div class=\"elementor-column elementor-col-33 elementor-inner-column elementor-element elementor-element-9e01624\" data-id=\"9e01624\" data-element_type=\"column\">\n\t\t\t<div class=\"elementor-widget-wrap elementor-element-populated\">\n\t\t\t\t\t\t<div class=\"elementor-element elementor-element-673a2cd elementor-position-top elementor-widget elementor-widget-image-box\" data-id=\"673a2cd\" data-element_type=\"widget\" data-widget_type=\"image-box.default\">\n\t\t\t\t<div class=\"elementor-widget-container\">\n\t\t\t<div class=\"elementor-image-box-wrapper\"><figure class=\"elementor-image-box-img\"><img loading=\"lazy\" decoding=\"async\" width=\"150\" height=\"150\" src=\"https:\/\/mc-multiclean.de\/wp-content\/uploads\/2021\/01\/group-150x150.png\" class=\"attachment-thumbnail size-thumbnail wp-image-1404\" alt=\"\" srcset=\"https:\/\/mc-multiclean.de\/wp-content\/uploads\/2021\/01\/group-150x150.png 150w, https:\/\/mc-multiclean.de\/wp-content\/uploads\/2021\/01\/group-300x300.png 300w, https:\/\/mc-multiclean.de\/wp-content\/uploads\/2021\/01\/group.png 512w\" sizes=\"(max-width: 150px) 100vw, 150px\" \/><\/figure><div class=\"elementor-image-box-content\"><h6 class=\"elementor-image-box-title\">fachkompetente Mitarbeiter<\/h6><\/div><\/div>\t\t<\/div>\n\t\t\t\t<\/div>\n\t\t\t\t\t<\/div>\n\t\t<\/div>\n\t\t\t\t<div class=\"elementor-column elementor-col-33 elementor-inner-column elementor-element elementor-element-57a59f5\" data-id=\"57a59f5\" data-element_type=\"column\">\n\t\t\t<div class=\"elementor-widget-wrap elementor-element-populated\">\n\t\t\t\t\t\t<div class=\"elementor-element elementor-element-492f50f elementor-position-top elementor-widget elementor-widget-image-box\" data-id=\"492f50f\" data-element_type=\"widget\" data-widget_type=\"image-box.default\">\n\t\t\t\t<div class=\"elementor-widget-container\">\n\t\t\t<div class=\"elementor-image-box-wrapper\"><figure class=\"elementor-image-box-img\"><img loading=\"lazy\" decoding=\"async\" width=\"150\" height=\"150\" src=\"https:\/\/mc-multiclean.de\/wp-content\/uploads\/2021\/01\/handshake-150x150.png\" class=\"attachment-thumbnail size-thumbnail wp-image-1405\" alt=\"\" srcset=\"https:\/\/mc-multiclean.de\/wp-content\/uploads\/2021\/01\/handshake-150x150.png 150w, https:\/\/mc-multiclean.de\/wp-content\/uploads\/2021\/01\/handshake-300x300.png 300w, https:\/\/mc-multiclean.de\/wp-content\/uploads\/2021\/01\/handshake.png 512w\" sizes=\"(max-width: 150px) 100vw, 150px\" \/><\/figure><div class=\"elementor-image-box-content\"><h6 class=\"elementor-image-box-title\">langj\u00e4hrige Gesch\u00e4ftsbeziehungen<\/h6><\/div><\/div>\t\t<\/div>\n\t\t\t\t<\/div>\n\t\t\t\t\t<\/div>\n\t\t<\/div>\n\t\t\t\t\t<\/div>\n\t\t<\/section>\n\t\t\t\t<div class=\"elementor-element elementor-element-74bc02d elementor-widget elementor-widget-text-editor\" data-id=\"74bc02d\" data-element_type=\"widget\" data-widget_type=\"text-editor.default\">\n\t\t\t\t<div class=\"elementor-widget-container\">\n\t\t\t\t\t\t\t<p>Vertrauen Sie uns Ihre Reinigung an! Hierzu stehen erfahrene Fachkr\u00e4fte bereit, die das Herz des 2008 gegr\u00fcndeten Unternehmens sind.<br \/>Qualit\u00e4t, Zuverl\u00e4ssigkeit und Zufriedenheit stehen f\u00fcr uns an oberster Stelle.<\/p>\t\t\t\t\t\t<\/div>\n\t\t\t\t<\/div>\n\t\t\t\t\t<\/div>\n\t\t<\/div>\n\t\t\t\t\t<\/div>\n\t\t<\/section>\n\t\t\t\t<section class=\"elementor-section elementor-top-section elementor-element elementor-element-30d1fe7 elementor-section-boxed elementor-section-height-default elementor-section-height-default\" data-id=\"30d1fe7\" data-element_type=\"section\" data-settings=\"{&quot;background_background&quot;:&quot;classic&quot;}\">\n\t\t\t\t\t\t\t<div class=\"elementor-background-overlay\"><\/div>\n\t\t\t\t\t\t\t<div class=\"elementor-container elementor-column-gap-default\">\n\t\t\t\t\t<div class=\"elementor-column elementor-col-50 elementor-top-column elementor-element elementor-element-0177680\" data-id=\"0177680\" data-element_type=\"column\" data-settings=\"{&quot;background_background&quot;:&quot;classic&quot;}\">\n\t\t\t<div class=\"elementor-widget-wrap elementor-element-populated\">\n\t\t\t\t\t\t<div class=\"elementor-element elementor-element-9e76375 elementor-align-left elementor-icon-list--layout-traditional elementor-list-item-link-full_width elementor-widget elementor-widget-icon-list\" data-id=\"9e76375\" data-element_type=\"widget\" data-widget_type=\"icon-list.default\">\n\t\t\t\t<div class=\"elementor-widget-container\">\n\t\t\t\t\t<ul class=\"elementor-icon-list-items\">\n\t\t\t\t\t\t\t<li class=\"elementor-icon-list-item\">\n\t\t\t\t\t\t\t\t\t\t\t<span class=\"elementor-icon-list-icon\">\n\t\t\t\t\t\t\t<i aria-hidden=\"true\" class=\"far fa-hand-point-right\"><\/i>\t\t\t\t\t\t<\/span>\n\t\t\t\t\t\t\t\t\t\t<span class=\"elementor-icon-list-text\">Wir bieten Unterhaltsreinigungen u.a. f\u00fcr :<\/span>\n\t\t\t\t\t\t\t\t\t<\/li>\n\t\t\t\t\t\t\t\t<li class=\"elementor-icon-list-item\">\n\t\t\t\t\t\t\t\t\t\t\t<span class=\"elementor-icon-list-icon\">\n\t\t\t\t\t\t\t<i aria-hidden=\"true\" class=\"far fa-check-circle\"><\/i>\t\t\t\t\t\t<\/span>\n\t\t\t\t\t\t\t\t\t\t<span class=\"elementor-icon-list-text\">B\u00fcror\u00e4ume & Verkaufsfl\u00e4chen<\/span>\n\t\t\t\t\t\t\t\t\t<\/li>\n\t\t\t\t\t\t\t\t<li class=\"elementor-icon-list-item\">\n\t\t\t\t\t\t\t\t\t\t\t<span class=\"elementor-icon-list-icon\">\n\t\t\t\t\t\t\t<i aria-hidden=\"true\" class=\"far fa-check-circle\"><\/i>\t\t\t\t\t\t<\/span>\n\t\t\t\t\t\t\t\t\t\t<span class=\"elementor-icon-list-text\">Freizeit- & Sportanlagen<\/span>\n\t\t\t\t\t\t\t\t\t<\/li>\n\t\t\t\t\t\t\t\t<li class=\"elementor-icon-list-item\">\n\t\t\t\t\t\t\t\t\t\t\t<span class=\"elementor-icon-list-icon\">\n\t\t\t\t\t\t\t<i aria-hidden=\"true\" class=\"far fa-check-circle\"><\/i>\t\t\t\t\t\t<\/span>\n\t\t\t\t\t\t\t\t\t\t<span class=\"elementor-icon-list-text\">B\u00e4der, Wellnessbereiche & Sanit\u00e4ranlagen<\/span>\n\t\t\t\t\t\t\t\t\t<\/li>\n\t\t\t\t\t\t\t\t<li class=\"elementor-icon-list-item\">\n\t\t\t\t\t\t\t\t\t\t\t<span class=\"elementor-icon-list-icon\">\n\t\t\t\t\t\t\t<i aria-hidden=\"true\" class=\"far fa-check-circle\"><\/i>\t\t\t\t\t\t<\/span>\n\t\t\t\t\t\t\t\t\t\t<span class=\"elementor-icon-list-text\">Ferienwohnungen <\/span>\n\t\t\t\t\t\t\t\t\t<\/li>\n\t\t\t\t\t\t<\/ul>\n\t\t\t\t<\/div>\n\t\t\t\t<\/div>\n\t\t\t\t\t<\/div>\n\t\t<\/div>\n\t\t\t\t<div class=\"elementor-column elementor-col-50 elementor-top-column elementor-element elementor-element-325e875\" data-id=\"325e875\" data-element_type=\"column\">\n\t\t\t<div class=\"elementor-widget-wrap elementor-element-populated\">\n\t\t\t\t\t\t<div class=\"elementor-element elementor-element-57ea4e7 elementor-widget elementor-widget-heading\" data-id=\"57ea4e7\" data-element_type=\"widget\" data-widget_type=\"heading.default\">\n\t\t\t\t<div class=\"elementor-widget-container\">\n\t\t\t<h3 class=\"elementor-heading-title elementor-size-default\">Die Unterhaltsreinigung<\/h3>\t\t<\/div>\n\t\t\t\t<\/div>\n\t\t\t\t<div class=\"elementor-element elementor-element-c3ec5a6 elementor-widget elementor-widget-text-editor\" data-id=\"c3ec5a6\" data-element_type=\"widget\" data-widget_type=\"text-editor.default\">\n\t\t\t\t<div class=\"elementor-widget-container\">\n\t\t\t\t\t\t\t<p>Eine regelm\u00e4\u00dfige Reinigung und Pflege Ihres Objektes garantiert die Werterhaltung. Damit betriebliche Abl\u00e4ufe gew\u00e4hrleistet sind, planen wir mit Ihnen gemeinsamen Reinigungszyklus. Fachlich versiert reinigen wir gr\u00fcndlich und Pflegen schonend.<\/p>\t\t\t\t\t\t<\/div>\n\t\t\t\t<\/div>\n\t\t\t\t\t<\/div>\n\t\t<\/div>\n\t\t\t\t\t<\/div>\n\t\t<\/section>\n\t\t\t\t<section class=\"elementor-section elementor-top-section elementor-element elementor-element-a575468 elementor-section-boxed elementor-section-height-default elementor-section-height-default\" data-id=\"a575468\" data-element_type=\"section\">\n\t\t\t\t\t\t<div class=\"elementor-container elementor-column-gap-default\">\n\t\t\t\t\t<div class=\"elementor-column elementor-col-100 elementor-top-column elementor-element elementor-element-7041779\" data-id=\"7041779\" data-element_type=\"column\">\n\t\t\t<div class=\"elementor-widget-wrap elementor-element-populated\">\n\t\t\t\t\t\t<div class=\"elementor-element elementor-element-2839d5f elementor-widget elementor-widget-spacer\" data-id=\"2839d5f\" data-element_type=\"widget\" data-widget_type=\"spacer.default\">\n\t\t\t\t<div class=\"elementor-widget-container\">\n\t\t\t\t\t<div class=\"elementor-spacer\">\n\t\t\t<div class=\"elementor-spacer-inner\"><\/div>\n\t\t<\/div>\n\t\t\t\t<\/div>\n\t\t\t\t<\/div>\n\t\t\t\t\t<\/div>\n\t\t<\/div>\n\t\t\t\t\t<\/div>\n\t\t<\/section>\n\t\t\t\t<section class=\"elementor-section elementor-top-section elementor-element elementor-element-87467ee elementor-section-boxed elementor-section-height-default elementor-section-height-default\" data-id=\"87467ee\" data-element_type=\"section\">\n\t\t\t\t\t\t<div class=\"elementor-container elementor-column-gap-default\">\n\t\t\t\t\t<div class=\"elementor-column elementor-col-100 elementor-top-column elementor-element elementor-element-62b7f09\" data-id=\"62b7f09\" data-element_type=\"column\">\n\t\t\t<div class=\"elementor-widget-wrap elementor-element-populated\">\n\t\t\t\t\t\t<div class=\"elementor-element elementor-element-fc805c3 elementor-widget elementor-widget-heading\" data-id=\"fc805c3\" data-element_type=\"widget\" data-widget_type=\"heading.default\">\n\t\t\t\t<div class=\"elementor-widget-container\">\n\t\t\t<h2 class=\"elementor-heading-title elementor-size-default\">Wir haben Sie \u00fcberzeugt? Kontaktieren sie uns<\/h2>\t\t<\/div>\n\t\t\t\t<\/div>\n\t\t\t\t\t<\/div>\n\t\t<\/div>\n\t\t\t\t\t<\/div>\n\t\t<\/section>\n\t\t\t\t<section class=\"elementor-section elementor-top-section elementor-element elementor-element-6114a72 elementor-section-boxed elementor-section-height-default elementor-section-height-default\" data-id=\"6114a72\" data-element_type=\"section\">\n\t\t\t\t\t\t<div class=\"elementor-container elementor-column-gap-default\">\n\t\t\t\t\t<div class=\"elementor-column elementor-col-100 elementor-top-column elementor-element elementor-element-5ada24c\" data-id=\"5ada24c\" data-element_type=\"column\">\n\t\t\t<div class=\"elementor-widget-wrap\">\n\t\t\t\t\t\t\t<\/div>\n\t\t<\/div>\n\t\t\t\t\t<\/div>\n\t\t<\/section>\n\t\t\t\t<section class=\"elementor-section elementor-top-section elementor-element elementor-element-c3bd020 elementor-section-boxed elementor-section-height-default elementor-section-height-default\" data-id=\"c3bd020\" data-element_type=\"section\">\n\t\t\t\t\t\t<div class=\"elementor-container elementor-column-gap-default\">\n\t\t\t\t\t<div class=\"elementor-column elementor-col-50 elementor-top-column elementor-element elementor-element-e8f1e7e\" data-id=\"e8f1e7e\" data-element_type=\"column\">\n\t\t\t<div class=\"elementor-widget-wrap elementor-element-populated\">\n\t\t\t\t\t\t<div class=\"elementor-element elementor-element-319c430 elementor-widget elementor-widget-text-editor\" data-id=\"319c430\" data-element_type=\"widget\" data-widget_type=\"text-editor.default\">\n\t\t\t\t<div class=\"elementor-widget-container\">\n\t\t\t\t\t\t\t<p>\u00a0<\/p><p><strong>Multi Clean GmbH<\/strong><br \/>Brandiser Str. 2<br \/>04827 Gerichshain<br \/>Tel.: 034292\/896160<br \/>Fax: 034292\/896159<br \/>info@mc-multiclean.de<\/p>\t\t\t\t\t\t<\/div>\n\t\t\t\t<\/div>\n\t\t\t\t\t<\/div>\n\t\t<\/div>\n\t\t\t\t<div class=\"elementor-column elementor-col-50 elementor-top-column elementor-element elementor-element-6bb6fe8\" data-id=\"6bb6fe8\" data-element_type=\"column\">\n\t\t\t<div class=\"elementor-widget-wrap elementor-element-populated\">\n\t\t\t\t\t\t<div class=\"elementor-element elementor-element-e43dd0c elementor-widget elementor-widget-google_maps\" data-id=\"e43dd0c\" data-element_type=\"widget\" data-widget_type=\"google_maps.default\">\n\t\t\t\t<div class=\"elementor-widget-container\">\n\t\t\t\t\t<div class=\"elementor-custom-embed\">\n\t\t\t<iframe loading=\"lazy\"\n\t\t\t\t\tsrc=\"https:\/\/maps.google.com\/maps?q=Brandiser%20Stra%C3%9Fe%202%2C%20Gerichshain%2C%20Deutschland&#038;t=m&#038;z=10&#038;output=embed&#038;iwloc=near\"\n\t\t\t\t\ttitle=\"Brandiser Stra\u00dfe 2, Gerichshain, Deutschland\"\n\t\t\t\t\taria-label=\"Brandiser Stra\u00dfe 2, Gerichshain, Deutschland\"\n\t\t\t><\/iframe>\n\t\t<\/div>\n\t\t\t\t<\/div>\n\t\t\t\t<\/div>\n\t\t\t\t\t<\/div>\n\t\t<\/div>\n\t\t\t\t\t<\/div>\n\t\t<\/section>\n\t\t\t\t<\/div>\n\t\t","protected":false},"excerpt":{"rendered":"<p>Ihr verl\u00e4sslicher Dienstleister Seit 14 Jahren bieten wir in unserem pers\u00f6nlich gef\u00fchrten Unternehmen einen zuverl\u00e4ssigen Reinigungsservice an. Die Fachkompetenz unserer Mitarbeiter wird st\u00e4ndig verbessert. Durch unsere firmeneigenen Kontrollen werden wir auch Ihren Anspr\u00fcchen gerecht. Langj\u00e4hrige partnerschaftliche Beziehungen zeichnen unser Unternehmen aus. \u00a0 jetzt auch auf Usedom ZUR WEBSEITE Was uns auszeichnet umfangreiche Dienstleistungen fachkompetente Mitarbeiter [&hellip;]<\/p>\n","protected":false},"author":1,"featured_media":0,"parent":0,"menu_order":0,"comment_status":"closed","ping_status":"closed","template":"","meta":{"site-sidebar-layout":"no-sidebar","site-content-layout":"page-builder","ast-site-content-layout":"","site-content-style":"default","site-sidebar-style":"default","ast-global-header-display":"","ast-banner-title-visibility":"","ast-main-header-display":"","ast-hfb-above-header-display":"","ast-hfb-below-header-display":"","ast-hfb-mobile-header-display":"","site-post-title":"disabled","ast-breadcrumbs-content":"","ast-featured-img":"disabled","footer-sml-layout":"","theme-transparent-header-meta":"","adv-header-id-meta":"","stick-header-meta":"","header-above-stick-meta":"","header-main-stick-meta":"","header-below-stick-meta":"","astra-migrate-meta-layouts":"default","ast-page-background-enabled":"default","ast-page-background-meta":{"desktop":{"background-color":"","background-image":"","background-repeat":"repeat","background-position":"center center","background-size":"auto","background-attachment":"scroll","background-type":"","background-media":"","overlay-type":"","overlay-color":"","overlay-gradient":""},"tablet":{"background-color":"","background-image":"","background-repeat":"repeat","background-position":"center center","background-size":"auto","background-attachment":"scroll","background-type":"","background-media":"","overlay-type":"","overlay-color":"","overlay-gradient":""},"mobile":{"background-color":"","background-image":"","background-repeat":"repeat","background-position":"center center","background-size":"auto","background-attachment":"scroll","background-type":"","background-media":"","overlay-type":"","overlay-color":"","overlay-gradient":""}},"ast-content-background-meta":{"desktop":{"background-color":"var(--ast-global-color-5)","background-image":"","background-repeat":"repeat","background-position":"center center","background-size":"auto","background-attachment":"scroll","background-type":"","background-media":"","overlay-type":"","overlay-color":"","overlay-gradient":""},"tablet":{"background-color":"var(--ast-global-color-5)","background-image":"","background-repeat":"repeat","background-position":"center center","background-size":"auto","background-attachment":"scroll","background-type":"","background-media":"","overlay-type":"","overlay-color":"","overlay-gradient":""},"mobile":{"background-color":"var(--ast-global-color-5)","background-image":"","background-repeat":"repeat","background-position":"center center","background-size":"auto","background-attachment":"scroll","background-type":"","background-media":"","overlay-type":"","overlay-color":"","overlay-gradient":""}},"footnotes":""},"_links":{"self":[{"href":"https:\/\/mc-multiclean.de\/index.php?rest_route=\/wp\/v2\/pages\/1332"}],"collection":[{"href":"https:\/\/mc-multiclean.de\/index.php?rest_route=\/wp\/v2\/pages"}],"about":[{"href":"https:\/\/mc-multiclean.de\/index.php?rest_route=\/wp\/v2\/types\/page"}],"author":[{"embeddable":true,"href":"https:\/\/mc-multiclean.de\/index.php?rest_route=\/wp\/v2\/users\/1"}],"replies":[{"embeddable":true,"href":"https:\/\/mc-multiclean.de\/index.php?rest_route=%2Fwp%2Fv2%2Fcomments&post=1332"}],"version-history":[{"count":90,"href":"https:\/\/mc-multiclean.de\/index.php?rest_route=\/wp\/v2\/pages\/1332\/revisions"}],"predecessor-version":[{"id":1677,"href":"https:\/\/mc-multiclean.de\/index.php?rest_route=\/wp\/v2\/pages\/1332\/revisions\/1677"}],"wp:attachment":[{"href":"https:\/\/mc-multiclean.de\/index.php?rest_route=%2Fwp%2Fv2%2Fmedia&parent=1332"}],"curies":[{"name":"wp","href":"https:\/\/api.w.org\/{rel}","templated":true}]}}